{"id":8,"date":"2020-05-13T11:16:56","date_gmt":"2020-05-13T16:16:56","guid":{"rendered":"http:\/\/codimatsas.com\/?page_id=8"},"modified":"2020-06-27T10:06:12","modified_gmt":"2020-06-27T15:06:12","slug":"acerca-de","status":"publish","type":"page","link":"https:\/\/codimatsas.com\/index.php\/acerca-de\/","title":{"rendered":"Incio"},"content":{"rendered":"\r\n<p>Somos su aliado estrat\u00e9gico cuando de se trate de abastecer su empresa con nuestros productos.<\/p>\r\n<p>Tuber\u00eda Sanitaria<br \/>Tuber\u00eda Presi\u00f3n<br \/>Tuber\u00eda Alcantarillado<br \/>Tuber\u00eda Uni\u00f3n Mec\u00e1nica<br \/>Tuber\u00eda Para Doctos Electr\u00f3nicos<br \/>Tuber\u00eda electr\u00f3nica\u00a0<br \/>Productos Eternit<\/p>\r\n<p><img loading=\"lazy\" decoding=\"async\" class=\"alignnone size-full wp-image-67\" src=\"https:\/\/codimatsas.com\/wp-content\/uploads\/2020\/06\/Eternit-logo.png\" alt=\"\" width=\"501\" height=\"108\" srcset=\"https:\/\/codimatsas.com\/wp-content\/uploads\/2020\/06\/Eternit-logo.png 501w, https:\/\/codimatsas.com\/wp-content\/uploads\/2020\/06\/Eternit-logo-350x75.png 350w, https:\/\/codimatsas.com\/wp-content\/uploads\/2020\/06\/Eternit-logo-300x65.png 300w\" sizes=\"auto, (max-width: 501px) 100vw, 501px\" \/><br \/>Productos Rotoplast<\/p>\r\n<p><img loading=\"lazy\" decoding=\"async\" class=\"alignnone size-full wp-image-68\" src=\"https:\/\/codimatsas.com\/wp-content\/uploads\/2020\/06\/rotoplast.png\" alt=\"\" width=\"263\" height=\"57\" \/><\/p>\r\n","protected":false},"excerpt":{"rendered":"<p>Somos su aliado estrat\u00e9gico cuando de se trate de abastecer su empresa con nuestros productos. Tuber\u00eda SanitariaTuber\u00eda Presi\u00f3nTuber\u00eda AlcantarilladoTuber\u00eda Uni\u00f3n Mec\u00e1nicaTuber\u00eda Para Doctos Electr\u00f3nicosTuber\u00eda electr\u00f3nica\u00a0Productos Eternit Productos Rotoplast<\/p>\n","protected":false},"author":1,"featured_media":0,"parent":0,"menu_order":0,"comment_status":"closed","ping_status":"closed","template":"","meta":{"footnotes":""},"class_list":["post-8","page","type-page","status-publish","hentry"],"_links":{"self":[{"href":"https:\/\/codimatsas.com\/index.php\/wp-json\/wp\/v2\/pages\/8","targetHints":{"allow":["GET"]}}],"collection":[{"href":"https:\/\/codimatsas.com\/index.php\/wp-json\/wp\/v2\/pages"}],"about":[{"href":"https:\/\/codimatsas.com\/index.php\/wp-json\/wp\/v2\/types\/page"}],"author":[{"embeddable":true,"href":"https:\/\/codimatsas.com\/index.php\/wp-json\/wp\/v2\/users\/1"}],"replies":[{"embeddable":true,"href":"https:\/\/codimatsas.com\/index.php\/wp-json\/wp\/v2\/comments?post=8"}],"version-history":[{"count":3,"href":"https:\/\/codimatsas.com\/index.php\/wp-json\/wp\/v2\/pages\/8\/revisions"}],"predecessor-version":[{"id":69,"href":"https:\/\/codimatsas.com\/index.php\/wp-json\/wp\/v2\/pages\/8\/revisions\/69"}],"wp:attachment":[{"href":"https:\/\/codimatsas.com\/index.php\/wp-json\/wp\/v2\/media?parent=8"}],"curies":[{"name":"wp","href":"https:\/\/api.w.org\/{rel}","templated":true}]}}